{"id":84,"date":"2025-04-02T20:47:28","date_gmt":"2025-04-02T20:47:28","guid":{"rendered":"http:\/\/globalwestand.com\/?page_id=84"},"modified":"2025-04-07T20:10:27","modified_gmt":"2025-04-07T20:10:27","slug":"historie","status":"publish","type":"page","link":"http:\/\/globalwestand.com\/?page_id=84","title":{"rendered":"Historie"},"content":{"rendered":"\n<figure class=\"wp-block-image alignfull size-large\"><img loading=\"lazy\" decoding=\"async\" width=\"1024\" height=\"256\" src=\"http:\/\/globalwestand.com\/wp-content\/uploads\/2025\/04\/global-we-stand-bestyrelse-1-1024x256.jpg\" alt=\"\" class=\"wp-image-274\" srcset=\"http:\/\/globalwestand.com\/wp-content\/uploads\/2025\/04\/global-we-stand-bestyrelse-1-1024x256.jpg 1024w, http:\/\/globalwestand.com\/wp-content\/uploads\/2025\/04\/global-we-stand-bestyrelse-1-300x75.jpg 300w, http:\/\/globalwestand.com\/wp-content\/uploads\/2025\/04\/global-we-stand-bestyrelse-1-768x192.jpg 768w, http:\/\/globalwestand.com\/wp-content\/uploads\/2025\/04\/global-we-stand-bestyrelse-1.jpg 1200w\" sizes=\"auto, (max-width: 1024px) 100vw, 1024px\" \/><\/figure>\n\n\n\n<div class=\"wp-block-columns is-layout-flex wp-container-core-columns-is-layout-28f84493 wp-block-columns-is-layout-flex\">\n<div class=\"wp-block-column is-layout-flow wp-block-column-is-layout-flow\" style=\"flex-basis:66.66%\">\n<p>Joyce Namumba Naumann har altid v\u00e6ret en kvinde med visioner. F\u00f8dt og opvokset i Zambia oplevede hun kvinders styrke, n\u00e5r de kom sammen, st\u00f8ttede hinanden gennem udfordringer og fejrede sejre som et f\u00e6llesskab. Da hun senere flyttede til Danmark, tog hun denne \u00e5nd med sig, men hun bem\u00e6rkede hurtigt, at noget manglede.<\/p>\n\n\n\n<p>Som en immigrant kvinde i et nyt land stod hun over for udfordringer, som mange andre i hendes situation ogs\u00e5 oplevede\u2014ensomhed, kulturelle tilpasninger og vanskeligheder med at finde en f\u00f8lelse af tilh\u00f8rsforhold. Hun m\u00f8dte kvinder fra forskellige nationaliteter, der delte lignende udfordringer. Nogle manglede professionelle netv\u00e6rk, andre k\u00e6mpede med sprogbarrierer, og mange f\u00f8lte sig isolerede. Joyce s\u00e5 en mulighed for ikke blot at hj\u00e6lpe sig selv, men ogs\u00e5 for at l\u00f8fte andre.<\/p>\n\n\n\n<p>En aften, mens hun sad og reflekterede over sin rejse, begyndte en id\u00e9 at tage form. Hvad hvis der var en platform, hvor kvinder fra alle baggrunde, nationaliteter og livsomr\u00e5der bosat i Danmark kunne samles for at st\u00f8tte hinanden? Et rum, hvor de kunne dele erfaringer, give ressourcer og inspirere hinanden til v\u00e6kst? Tanken t\u00e6ndte en ild i hendes hjerte, og hun vidste, at hun m\u00e5tte g\u00f8re den til virkelighed.<\/p>\n\n\n\n<p>Med beslutsomhed begyndte Joyce at r\u00e6kke ud til andre kvinder\u2014dem, der delte hendes vision om at styrke hinanden og et f\u00e6llesskab. Hun fandt ligesindede fra forskellige lande, som ogs\u00e5 havde f\u00f8lt behovet for en s\u00e5dan platform. De m\u00f8dtes over kaffe, i dagligstuer og p\u00e5 kulturcentre, hvor de diskuterede, hvordan de kunne oms\u00e6tte denne vision til noget h\u00e5ndgribeligt. Hver kvinde bragte unikke erfaringer og styrker til bordet\u2014nogle var iv\u00e6rks\u00e6ttere, andre var professionelle, og mange var blot kvinder med en passion for forandring.<\/p>\n\n\n\n<p>Sammen grundlagde de Global We Stand, en f\u00e6llesskabsdrevet forening dedikeret til at st\u00f8tte og l\u00f8fte kvinder fra alle nationaliteter bosat i Danmark.<\/p>\n<\/div>\n\n\n\n<div class=\"wp-block-column is-layout-flow wp-block-column-is-layout-flow\" style=\"flex-basis:33.33%\">\n<figure class=\"wp-block-image size-large\"><img loading=\"lazy\" decoding=\"async\" width=\"683\" height=\"1024\" src=\"http:\/\/globalwestand.com\/wp-content\/uploads\/2025\/04\/GlobalWeStand-230-683x1024.jpg\" alt=\"\" class=\"wp-image-193\" srcset=\"http:\/\/globalwestand.com\/wp-content\/uploads\/2025\/04\/GlobalWeStand-230-683x1024.jpg 683w, http:\/\/globalwestand.com\/wp-content\/uploads\/2025\/04\/GlobalWeStand-230-200x300.jpg 200w, http:\/\/globalwestand.com\/wp-content\/uploads\/2025\/04\/GlobalWeStand-230-768x1152.jpg 768w, http:\/\/globalwestand.com\/wp-content\/uploads\/2025\/04\/GlobalWeStand-230-1024x1536.jpg 1024w, http:\/\/globalwestand.com\/wp-content\/uploads\/2025\/04\/GlobalWeStand-230-1365x2048.jpg 1365w, http:\/\/globalwestand.com\/wp-content\/uploads\/2025\/04\/GlobalWeStand-230-scaled.jpg 1707w\" sizes=\"auto, (max-width: 683px) 100vw, 683px\" \/><\/figure>\n\n\n\n<div class=\"wp-block-buttons is-content-justification-center is-layout-flex wp-container-core-buttons-is-layout-a89b3969 wp-block-buttons-is-layout-flex\">\n<div class=\"wp-block-button is-style-outline is-style-outline--1\"><a class=\"wp-block-button__link wp-element-button\" href=\"http:\/\/globalwestand.com\/?page_id=91\">M\u00c5L &amp; VISION<\/a><\/div>\n\n\n\n<div class=\"wp-block-button is-style-outline is-style-outline--2\"><a class=\"wp-block-button__link wp-element-button\" href=\"http:\/\/globalwestand.com\/?page_id=93\">BESTYRRELSE<\/a><\/div>\n<\/div>\n<\/div>\n<\/div>\n\n\n\n<div class=\"wp-block-cover alignfull is-light\"><span aria-hidden=\"true\" class=\"wp-block-cover__background has-background-dim\" style=\"background-color:#caae9a\"><\/span><img loading=\"lazy\" decoding=\"async\" width=\"2560\" height=\"1707\" class=\"wp-block-cover__image-background wp-image-179\" alt=\"\" src=\"http:\/\/globalwestand.com\/wp-content\/uploads\/2025\/04\/GlobalWeStand-1-1-scaled.jpg\" data-object-fit=\"cover\" srcset=\"http:\/\/globalwestand.com\/wp-content\/uploads\/2025\/04\/GlobalWeStand-1-1-scaled.jpg 2560w, http:\/\/globalwestand.com\/wp-content\/uploads\/2025\/04\/GlobalWeStand-1-1-300x200.jpg 300w, http:\/\/globalwestand.com\/wp-content\/uploads\/2025\/04\/GlobalWeStand-1-1-1024x683.jpg 1024w, http:\/\/globalwestand.com\/wp-content\/uploads\/2025\/04\/GlobalWeStand-1-1-768x512.jpg 768w, http:\/\/globalwestand.com\/wp-content\/uploads\/2025\/04\/GlobalWeStand-1-1-1536x1024.jpg 1536w, http:\/\/globalwestand.com\/wp-content\/uploads\/2025\/04\/GlobalWeStand-1-1-2048x1365.jpg 2048w\" sizes=\"auto, (max-width: 2560px) 100vw, 2560px\" \/><div class=\"wp-block-cover__inner-container is-layout-constrained wp-block-cover-is-layout-constrained\">\n<p class=\"has-text-align-center has-large-font-size\"><a href=\"http:\/\/globalwestand.com\/?p=107\" data-type=\"post\" data-id=\"107\">GALLA 2026<\/a><\/p>\n<\/div><\/div>\n","protected":false},"excerpt":{"rendered":"<p>Joyce Namumba Naumann har altid v\u00e6ret en kvinde med visioner. F\u00f8dt og opvokset i Zambia oplevede hun kvinders styrke, n\u00e5r [&hellip;]<\/p>\n","protected":false},"author":1,"featured_media":0,"parent":0,"menu_order":0,"comment_status":"closed","ping_status":"closed","template":"","meta":{"site-sidebar-layout":"default","site-content-layout":"","ast-site-content-layout":"","site-content-style":"default","site-sidebar-style":"default","ast-global-header-display":"","ast-banner-title-visibility":"","ast-main-header-display":"","ast-hfb-above-header-display":"","ast-hfb-below-header-display":"","ast-hfb-mobile-header-display":"","site-post-title":"disabled","ast-breadcrumbs-content":"","ast-featured-img":"","footer-sml-layout":"","theme-transparent-header-meta":"","adv-header-id-meta":"","stick-header-meta":"","header-above-stick-meta":"","header-main-stick-meta":"","header-below-stick-meta":"","astra-migrate-meta-layouts":"default","ast-page-background-enabled":"default","ast-page-background-meta":{"desktop":{"background-color":"var(--ast-global-color-5)","background-image":"","background-repeat":"repeat","background-position":"center center","background-size":"auto","background-attachment":"scroll","background-type":"","background-media":"","overlay-type":"","overlay-color":"","overlay-opacity":"","overlay-gradient":""},"tablet":{"background-color":"","background-image":"","background-repeat":"repeat","background-position":"center center","background-size":"auto","background-attachment":"scroll","background-type":"","background-media":"","overlay-type":"","overlay-color":"","overlay-opacity":"","overlay-gradient":""},"mobile":{"background-color":"","background-image":"","background-repeat":"repeat","background-position":"center center","background-size":"auto","background-attachment":"scroll","background-type":"","background-media":"","overlay-type":"","overlay-color":"","overlay-opacity":"","overlay-gradient":""}},"ast-content-background-meta":{"desktop":{"background-color":"var(--ast-global-color-4)","background-image":"","background-repeat":"repeat","background-position":"center center","background-size":"auto","background-attachment":"scroll","background-type":"","background-media":"","overlay-type":"","overlay-color":"","overlay-opacity":"","overlay-gradient":""},"tablet":{"background-color":"var(--ast-global-color-4)","background-image":"","background-repeat":"repeat","background-position":"center center","background-size":"auto","background-attachment":"scroll","background-type":"","background-media":"","overlay-type":"","overlay-color":"","overlay-opacity":"","overlay-gradient":""},"mobile":{"background-color":"var(--ast-global-color-4)","background-image":"","background-repeat":"repeat","background-position":"center center","background-size":"auto","background-attachment":"scroll","background-type":"","background-media":"","overlay-type":"","overlay-color":"","overlay-opacity":"","overlay-gradient":""}},"ngg_post_thumbnail":0,"footnotes":""},"class_list":["post-84","page","type-page","status-publish","hentry"],"_links":{"self":[{"href":"http:\/\/globalwestand.com\/index.php?rest_route=\/wp\/v2\/pages\/84","targetHints":{"allow":["GET"]}}],"collection":[{"href":"http:\/\/globalwestand.com\/index.php?rest_route=\/wp\/v2\/pages"}],"about":[{"href":"http:\/\/globalwestand.com\/index.php?rest_route=\/wp\/v2\/types\/page"}],"author":[{"embeddable":true,"href":"http:\/\/globalwestand.com\/index.php?rest_route=\/wp\/v2\/users\/1"}],"replies":[{"embeddable":true,"href":"http:\/\/globalwestand.com\/index.php?rest_route=%2Fwp%2Fv2%2Fcomments&post=84"}],"version-history":[{"count":5,"href":"http:\/\/globalwestand.com\/index.php?rest_route=\/wp\/v2\/pages\/84\/revisions"}],"predecessor-version":[{"id":450,"href":"http:\/\/globalwestand.com\/index.php?rest_route=\/wp\/v2\/pages\/84\/revisions\/450"}],"wp:attachment":[{"href":"http:\/\/globalwestand.com\/index.php?rest_route=%2Fwp%2Fv2%2Fmedia&parent=84"}],"curies":[{"name":"wp","href":"https:\/\/api.w.org\/{rel}","templated":true}]}}